{"id":298,"date":"2018-06-22T09:37:44","date_gmt":"2018-06-22T09:37:44","guid":{"rendered":"http:\/\/rudi.puettstadt.de\/?page_id=298"},"modified":"2020-08-11T21:09:32","modified_gmt":"2020-08-11T21:09:32","slug":"beruf","status":"publish","type":"page","link":"http:\/\/rudolf-grothues.de\/?page_id=298","title":{"rendered":"Beruf"},"content":{"rendered":"<h3><strong>Gesch\u00e4ftsf\u00fchrer und Wissenschaftlicher Referent<\/strong><\/h3>\n<div class=\"fr\">\n<p class=\"articleImg\"><img loading=\"lazy\" decoding=\"async\" class=\"alignright\" src=\"https:\/\/www.rudolf-grothues.de\/images\/user_pages\/vortrag.jpg\" alt=\"\" width=\"200\" height=\"249\" \/><\/p>\n<\/div>\n<p>Direkt nach meiner Diplompr\u00fcfung konnte ich nach einem Bewerbungsverfahren die Stelle eines Wissenschaftlichen Volont\u00e4rs bei der Geographischen Kommission f\u00fcr Westfalen im Landschaftsverband Westfalen-Lippe antreten. Dieses Volontariat habe ich vorzeitig abgebrochen, da mir eine Stelle als Wissenschaftlicher Mitarbeiter angeboten wurde. Diese Stelle war zun\u00e4chst immer f\u00fcr einige Jahre befristet, wurde aber stetig verl\u00e4ngert. Im Jahre 2001 erfolgte dann endg\u00fcltig die Festeinstellung beim LWL. Nach meiner Promotion im Jahre 2006 wurde mir Anfang 2007 die Gesch\u00e4ftsf\u00fchrung \u00fcbertragen. Hauptaufgabe der Kommission ist die geographisch-landeskundliche Forschung im Landesteil Westfalen, die Ver\u00f6ffentlichung der Forschungsergebnisse in verst\u00e4ndlichen Publikationsreihen, einem Atlasprojekt und \u00f6ffentlichen Vortragsveranstaltungen. Einmal im Jahr findet eine Mitgliederversammlung statt.<\/p>\n","protected":false},"excerpt":{"rendered":"<p>Gesch\u00e4ftsf\u00fchrer und Wissenschaftlicher Referent Direkt nach meiner Diplompr\u00fcfung konnte ich nach einem Bewerbungsverfahren die Stelle eines Wissenschaftlichen Volont\u00e4rs bei der Geographischen Kommission f\u00fcr Westfalen im Landschaftsverband Westfalen-Lippe antreten. Dieses Volontariat habe ich vorzeitig abgebrochen, da mir eine Stelle als Wissenschaftlicher Mitarbeiter angeboten wurde. Diese Stelle war zun\u00e4chst immer f\u00fcr einige Jahre befristet, wurde aber stetig [&hellip;]<\/p>\n","protected":false},"author":1,"featured_media":0,"parent":26,"menu_order":0,"comment_status":"closed","ping_status":"closed","template":"","meta":{"footnotes":""},"class_list":["post-298","page","type-page","status-publish","hentry"],"_links":{"self":[{"href":"http:\/\/rudolf-grothues.de\/index.php?rest_route=\/wp\/v2\/pages\/298","targetHints":{"allow":["GET"]}}],"collection":[{"href":"http:\/\/rudolf-grothues.de\/index.php?rest_route=\/wp\/v2\/pages"}],"about":[{"href":"http:\/\/rudolf-grothues.de\/index.php?rest_route=\/wp\/v2\/types\/page"}],"author":[{"embeddable":true,"href":"http:\/\/rudolf-grothues.de\/index.php?rest_route=\/wp\/v2\/users\/1"}],"replies":[{"embeddable":true,"href":"http:\/\/rudolf-grothues.de\/index.php?rest_route=%2Fwp%2Fv2%2Fcomments&post=298"}],"version-history":[{"count":1,"href":"http:\/\/rudolf-grothues.de\/index.php?rest_route=\/wp\/v2\/pages\/298\/revisions"}],"predecessor-version":[{"id":299,"href":"http:\/\/rudolf-grothues.de\/index.php?rest_route=\/wp\/v2\/pages\/298\/revisions\/299"}],"up":[{"embeddable":true,"href":"http:\/\/rudolf-grothues.de\/index.php?rest_route=\/wp\/v2\/pages\/26"}],"wp:attachment":[{"href":"http:\/\/rudolf-grothues.de\/index.php?rest_route=%2Fwp%2Fv2%2Fmedia&parent=298"}],"curies":[{"name":"wp","href":"https:\/\/api.w.org\/{rel}","templated":true}]}}