{"id":290,"date":"2018-06-22T09:25:05","date_gmt":"2018-06-22T09:25:05","guid":{"rendered":"http:\/\/rudi.puettstadt.de\/?page_id=290"},"modified":"2019-05-24T10:37:18","modified_gmt":"2019-05-24T10:37:18","slug":"publikationen","status":"publish","type":"page","link":"http:\/\/rudolf-grothues.de\/?page_id=290","title":{"rendered":"Publikationen"},"content":{"rendered":"<p>Blossey, Hans und Rudolf Grothues (2018): Beckum von oben. Mit Luftbildern aus Beckum, Neubeckum, Roland und Vellern. Beckum (vergriffen).<\/p>\n<p>Grothues, Rudolf (2018): Stiftungen in Westfalen. In: Atlas von Westfalen 2. M\u00fcnster. &#8230; <a href=\"https:\/\/www.aschendorff-buchverlag.de\/detailview?no=14971\">link<\/a><\/p>\n<p>Grothues, Rudolf (2018): Spitzenk\u00f6che in Westfalen. In: Geographische Kommission f\u00fcr Westfalen (Hg.): Westfalen Regional. Die geographisch-landeskundliche Online-Dokumentation \u00fcber Westfalen. M\u00fcnster. (www.westfalen-regional.de) &#8230;\u00a0<a href=\"http:\/\/www.lwl.org\/LWL\/Kultur\/Westfalen_Regional\/Bildung_Kultur\/Spitzenkoeche\">link<\/a><\/p>\n<p>Grothues, Rudolf (2018): Apotheken in Westfalen leicht r\u00fcckl\u00e4ufig. In: Geographische Kommission f\u00fcr Westfalen (Hg.): Westfalen Regional. Die geographisch-landeskundliche Online-Dokumentation \u00fcber Westfalen. M\u00fcnster. (www.westfalen-regional.de) &#8230;\u00a0<a href=\"http:\/\/www.lwl.org\/LWL\/Kultur\/Westfalen_Regional\/Gesellschaft_Politik\/Apotheken\">link<\/a><\/p>\n<p>Grothues, Rudolf (2018): Million\u00e4re in Westfalen. In: Geographische Kommission f\u00fcr Westfalen (Hg.): Westfalen Regional. Die geographisch-landeskundliche Online-Dokumentation \u00fcber Westfalen. M\u00fcnster. (www.westfalen-regional.de) &#8230;\u00a0<a href=\"http:\/\/www.lwl.org\/LWL\/Kultur\/Westfalen_Regional\/Bevoelkerung\/Millionaere\">link<\/a><\/p>\n<p>Grothues, Rudolf (2018): Die Geographische Kommission stellt sich vor. In: Geographische Kommission f\u00fcr Westfalen (Hg.): Westfalen Regional. Die geographisch-landeskundliche Online-Dokumentation \u00fcber Westfalen. M\u00fcnster. (www.westfalen-regional.de) &#8230;\u00a0<a href=\"http:\/\/www.lwl.org\/LWL\/Kultur\/Westfalen_Regional\/Gebiet_Identitaet\/GeKo\">link<\/a><\/p>\n<p>Grothues, Rudolf, Carola Bischoff und Karl-Heinz Otto (2017) (Hg.): Kreis Unna. M\u00fcnster (= St\u00e4dte und Gemeinden in Westfalen 15). &#8230; <a href=\"https:\/\/www.aschendorff-buchverlag.de\/basketlv?add=14941\">bestellen<\/a><\/p>\n<p>Grothues, Rudolf (2016): AGRAVIS \u2013 der unbekannte Riese. In: Geographische Kommission f\u00fcr Westfalen (Hg.): Westfalen Regional. Die geographisch-landeskundliche Online-Dokumentation \u00fcber Westfalen. M\u00fcnster. (www.westfalen-regional.de) &#8230;<a href=\"http:\/\/www.lwl.org\/LWL\/Kultur\/Westfalen_Regional\/Wirtschaft\/Agravis\">\u00a0link<\/a><\/p>\n<p>Grothues, Rudolf (2015): Bodensch\u00e4tze in Westfalen: Das Beckumer Zementrevier. In: Bubbere, Brigitte: 200 Jahre Westfalen. Jetzt! \u00a0Katalog zur gleichnamigen Ausstellung in Dortmund. &#8230; <a href=\"https:\/\/www.aschendorff-buchverlag.de\/basketlv?add=13134\">bestellen<\/a><\/p>\n<p>Grothues, Rudolf (2015): Von Bielefeld nach Wesel. Ein geografischer \u00dcberblick. In: Landschaftsverband Westfalen Lippe (Hg.): Jakobswege &#8211; Wege der Jakobspilger in Westfalen, Band 11. K\u00f6ln,\u00a0S. \u00a0&#8230;\u00a0<a href=\"http:\/\/www.lwl.org\/LWL\/Kultur\/jakobspilger\/publikationen\">Info<\/a><\/p>\n<p>Grothues, Rudolf (2015): Wortmann-Schuhe aus Detmold in die ganze Welt. In: Geographische Kommission f\u00fcr Westfalen (Hg.): Westfalen Regional. Die geographisch-landeskundliche Online-Dokumentation \u00fcber Westfalen. M\u00fcnster. (www.westfalen-regional.de) &#8230;\u00a0<a href=\"http:\/\/www.lwl.org\/LWL\/Kultur\/Westfalen_Regional\/Wirtschaft\/Wortmann\">link<\/a><\/p>\n<p>Grothues, Rudolf (2014): Dr. Oetker: &#8222;Der Pudding-K\u00f6nig&#8220; aus Westfalen. In: Heineberg, Heinz (Hg.): Westfalen Regional. Aktuelle Themen, Wissenswertes und Medien \u00fcber die Region Westfalen-Lippe (<a href=\"http:\/\/www.buchhandel.de\/detailansicht.aspx?isbn=978-3-402-06321-7\">bestellen<\/a>). M\u00fcnster. S. 174-175 (= Siedlung und Landschaft in Westfalen 35) &#8230;\u00a0<a href=\"http:\/\/www.lwl.org\/LWL\/Kultur\/Westfalen_Regional\/Wirtschaft\/Unternehmen\/Oetker\/\">link<\/a><\/p>\n<p>Grothues, Rudolf (2014): PADERBORN-LIPPSTADT AIRPORT \u2013 Entwicklung des Flughafens in S\u00fcdost-Westfalen. In: Geographische Kommission f\u00fcr Westfalen (Hg.): Westfalen Regional. Die geographisch-landeskundliche Online-Dokumentation \u00fcber Westfalen. M\u00fcnster. (www.westfalen-regional.de) &#8230;\u00a0<a href=\"http:\/\/www.lwl.org\/LWL\/Kultur\/Westfalen_Regional\/Verkehr\/Flug\/PAD\">link<\/a><\/p>\n<p>Grothues, Rudolf (2014): Der Landschaftsverband Westfalen-Lippe LWL. In: Heineberg, Heinz (Hg.): Westfalen Regional. Aktuelle Themen, Wissenswertes und Medien \u00fcber die Region Westfalen-Lippe (<a href=\"http:\/\/www.buchhandel.de\/detailansicht.aspx?isbn=978-3-402-06321-7\">bestellen<\/a>). M\u00fcnster. S. 4-5 (= Siedlung und Landschaft in Westfalen 35) &#8230;\u00a0<a href=\"http:\/\/www.lwl.org\/LWL\/Kultur\/Westfalen_Regional\/Gebiet_Identitaet\/LWL\/\">link<\/a><\/p>\n<p>Grothues, Rudolf (2013): Von Minden nach Soest. Ein geografischer \u00dcberblick. In: Landschaftsverband Westfalen Lippe (Hg.): Jakobswege &#8211; Wege der Jakobspilger in Westfalen, Band 10. K\u00f6ln, S. 22-35 &#8230; <a href=\"http:\/\/www.lwl.org\/LWL\/Kultur\/jakobspilger\/publikationen\">Info<\/a><\/p>\n<p>Grothues, Rudolf (2011): Zauber der Verwandlung &#8211; wie aus einer Kaserne der &#8222;Sauerlandpark Hemer&#8220; wird. In: Geographische Kommission f\u00fcr Westfalen (Hg.): Westfalen Regional. Die geographisch-landeskundliche Online-Dokumentation \u00fcber Westfalen. M\u00fcnster. (www.westfalen-regional.de) &#8230;\u00a0<a href=\"http:\/\/www.lwl.org\/LWL\/Kultur\/Westfalen_Regional\/Bildung_Kultur\/LGS_Hemer\">link<\/a><\/p>\n<p>Grothues, Rudolf (2011): Rekultivierung und Renaturierung im Beckumer Zementrevier. \u201eSeenlandschaft\u201c als Leitlinie der Stadtentwicklung. In: Jahrbuch Westfalen 2011, S. 70\u201377<\/p>\n<p>Grothues, Rudolf (2010): S\u00fcdwestfalen &#8211; eine REGION w\u00e4chst heran. In: Geographische Kommission f\u00fcr Westfalen (Hg.): Westfalen Regional. Die geographisch-landeskundliche Online-Dokumentation \u00fcber Westfalen. M\u00fcnster. (www.westfalen-regional.de) &#8230;\u00a0<a href=\"http:\/\/www.lwl.org\/LWL\/Kultur\/Westfalen_Regional\/Gebiet_Identitaet\/Suedwestfalen\">link<\/a><\/p>\n<p>Grothues, Rudolf und Heinz Heineberg (Hg.) (2009): Der Strukturwandel im Beckumer Zementrevier. Jahrestagung der Geographischen Kommission f\u00fcr Westfalen in Beckum 2008. M\u00fcnster (= GeKo Aktuell II\/2009 &#8230; <a href=\"http:\/\/www.lwl.org\/geko-download\/Geko_Aktuell\/GeKo-Aktuell2009_2.pdf\">PDF<\/a><\/p>\n<p>Grothues, Rudolf und Heinz Heineberg (Hg.) (2009): Das Lipperland in Westfalen. Natur- und Kulturraum im Wandel. Ausgew\u00e4hlte Beitr\u00e4ge aus WESTFALEN REGIONAL. M\u00fcnster (= GeKo Aktuell I\/2009) &#8230; <a href=\"http:\/\/www.lwl.org\/geko-download\/Geko_Aktuell\/GeKo-Aktuell2009_1.pdf\">PDF<\/a><\/p>\n<p>Grothues, Rudolf, Heinz Heineberg u. Rolf Lindemann (Hg.) (2009): Der Kreis G\u00fctersloh. M\u00fcnster (= St\u00e4dte und Gemeinden in Westfalen 11). &#8230; <a href=\"https:\/\/www.aschendorff-buchverlag.de\/basketlv?add=14937\">bestellen<\/a><\/p>\n<p>Grothues, Rudolf (2009): Werther. In: Grothues, Rudolf, Heinz Heineberg und Rolf Lindemann (Hg.): Der Kreis G\u00fctersloh (= St\u00e4dte und Gemeinden in Westfalen 11). M\u00fcnster, S. 389-407 &#8230; <a href=\"https:\/\/www.aschendorff-buchverlag.de\/basketlv?add=14937\">bestellen<\/a><\/p>\n<p>Grothues, Rudolf u. Christine Schneider (2009): Das Schmallenberger Kinderland. In: Geographische Kommission f\u00fcr Westfalen (Hg.): Westfalen Regional. Die geographisch-landeskundliche Online-Dokumentation \u00fcber Westfalen. M\u00fcnster. (www.westfalen-regional.de) &#8230; <a href=\"http:\/\/www.lwl.org\/LWL\/Kultur\/Westfalen_Regional\/Wirtschaft\/Kinderland\">link<\/a><\/p>\n<p>Grothues, Rudolf (2009): Zum Mittelpunkt Westfalens. In: Geographische Kommission f\u00fcr Westfalen (Hg.): Westfalen Regional. Die geographisch-landeskundliche Online-Dokumentation \u00fcber Westfalen. M\u00fcnster. (www.westfalen-regional.de) &#8230; <a href=\"http:\/\/www.lwl.org\/LWL\/Kultur\/Westfalen_Regional\/Gebiet_Identitaet\/Mittelpunkt\">link<\/a><\/p>\n<p>Grothues, Rudolf u. Alois Mayr (2008): Stadt- und Gemeindebeschreibungen in der Buchreihe &#8222;St\u00e4dte und Gemeinden in Westfalen&#8220;: Konzeption und Gestaltung. In: Denecke, Dietrich u. Hail Thomas Porada (Hg.): Die Darstellung von St\u00e4dten im Rahmen einer landeskundlichen Erfassung und \u00dcbersicht. Leipzig (= forum ifl, Heft 9, Leibniz-Institut f\u00fcr L\u00e4nderkunde)<\/p>\n<p>Grothues, Rudolf (2008): RIESEN in Westfalen: Die Firma August Storck. In: Geographische Kommission f\u00fcr Westfalen (Hg.): Westfalen Regional. Die geographisch-landeskundliche Online-Dokumentation \u00fcber Westfalen. M\u00fcnster. (www.westfalen-regional.de) &#8230; <a href=\"http:\/\/www.lwl.org\/LWL\/Kultur\/Westfalen_Regional\/Wirtschaft\/Storck\">link<\/a><\/p>\n<p>Grothues, Rudolf (2007): Marina R\u00fcnthe &#8211; das maritime Zentrum Westfalens. In: Geographische Kommission f\u00fcr Westfalen (Hg.): Westfalen Regional. Die geographisch-landeskundliche Online-Dokumentation \u00fcber Westfalen. M\u00fcnster. (www.westfalen-regional.de) &#8230; <a href=\"http:\/\/www.lwl.org\/LWL\/Kultur\/Westfalen_Regional\/Wirtschaft\/Marina_Ruenthe\">link<\/a><\/p>\n<p>Grothues, Rudolf (2007): Die Landesmusikakademie in Heek (Kreis Borken). In: Heineberg, Heinz (Hg.): Westfalen Regional. Aktuelle Themen, Wissenswertes und Medien \u00fcber die Region Westfalen-Lippe (<a href=\"https:\/\/www.aschendorff-buchverlag.de\/basketlv?add=06321\">bestellen<\/a>). M\u00fcnster. S. 244-245 (= Siedlung und Landschaft in Westfalen 35) &#8230; <a href=\"http:\/\/www.lwl.org\/LWL\/Kultur\/Westfalen_Regional\/Bildung_Kultur\/Musikakademie\">link<\/a><\/p>\n<p>Grothues, Rudolf (2007): Regionale Verteilung von .de-Domains in Westfalen. In: Heineberg, Heinz (Hg.): Westfalen Regional. Aktuelle Themen, Wissenswertes und Medien \u00fcber die Region Westfalen-Lippe (<a href=\"https:\/\/www.aschendorff-buchverlag.de\/basketlv?add=06321\">bestellen<\/a>). M\u00fcnster. S. 198-199 (= Siedlung und Landschaft in Westfalen 35) &#8230; <a href=\"http:\/\/www.lwl.org\/LWL\/Kultur\/Westfalen_Regional\/Gesellschaft_Politik\/Domains\">link<\/a><\/p>\n<p>Grothues, Rudolf (2007): Das Beckumer Zementrevier: Aufstieg und Niedergang. In: Heineberg, Heinz (Hg.): Westfalen Regional. Aktuelle Themen, Wissenswertes und Medien \u00fcber die Region Westfalen-Lippe (<a href=\"https:\/\/www.aschendorff-buchverlag.de\/basketlv?add=06321\">bestellen<\/a>). M\u00fcnster. S. 164-165 (= Siedlung und Landschaft in Westfalen 35) &#8230; <a href=\"http:\/\/www.lwl.org\/LWL\/Kultur\/Westfalen_Regional\/Wirtschaft\/Beckum\">link<\/a><\/p>\n<p>Grothues, Rudolf (2007): Westfalen innerhalb der administrativen Gliederung Nordrhein-Westfalens. In: Heineberg, Heinz (Hg.): Westfalen Regional. Aktuelle Themen, Wissenswertes und Medien \u00fcber die Region Westfalen-Lippe (<a href=\"https:\/\/www.aschendorff-buchverlag.de\/basketlv?add=06321\">bestellen<\/a>). M\u00fcnster. S. 6-7 (= Siedlung und Landschaft in Westfalen 35) &#8230; <a href=\"http:\/\/www.lwl.org\/LWL\/Kultur\/Westfalen_Regional\/Gebiet_Identitaet\/Administrative_Gliederung\">link<\/a><\/p>\n<p>Grothues, Rudolf, Hans-Uwe Sch\u00fctz u. Markus Wieneke (2006): Kommentiertes Literaturverzeichnis der Geographischen Kommission f\u00fcr Westfalen 1949-2007. In: Heineberg, Heinz u. Klaus Temlitz (Hg.): Geographische Landeskunde f\u00fcr Westfalen-Lippe. 70 Jahre Geographische Kommission f\u00fcr Westfalen. Eine Zwischenbilanz. M\u00fcnster. S. 65-97 (= Siedlung und Landschaft in Westfalen 36) &#8230; <a href=\"https:\/\/www.aschendorff-buchverlag.de\/basketlv?add=06322\">bestellen<\/a><\/p>\n<p>Grothues, Rudolf u. Alois Mayr (2006): Stadt- und Gemeindebeschreibungen in der Buchreihe &#8222;St\u00e4dte und Gemeinden in Westfalen&#8220;. Konzeption und Gestaltung. In: Heineberg, Heinz u. Klaus Temlitz (Hg.): Geographische Landeskunde f\u00fcr Westfalen-Lippe. 70 Jahre Geographische Kommission f\u00fcr Westfalen. Eine Zwischenbilanz. M\u00fcnster. S. 33-42 (= Siedlung und Landschaft in Westfalen 36) &#8230; <a href=\"https:\/\/www.aschendorff-buchverlag.de\/basketlv?add=06322\">bestellen<\/a><\/p>\n<p>Grothues, Rudolf (2006): Lebensverh\u00e4ltnisse und Lebensstile im urbanisierten l\u00e4ndlichen Raum &#8211; Analyse anhand ausgew\u00e4hlter Ortsteile im m\u00fcnsterl\u00e4ndischen Kreis Steinfurt. M\u00fcnster (Inaugural-Dissertation zur Erlangung des Doktorgrades der Philosophischen Fakult\u00e4t der Westf\u00e4lischen Wilhelms-Universit\u00e4t zu M\u00fcnster) &#8230; Grothues, Rudolf (2006): Lebensverh\u00e4ltnisse und Lebensstile im urbanisierten l\u00e4ndlichen Raum &#8211; Analyse anhand ausgew\u00e4hlter Ortsteile im m\u00fcnsterl\u00e4ndischen Kreis Steinfurt. M\u00fcnster (= Westf\u00e4lische Geographische Studien 55) &#8230; <a href=\"https:\/\/www.aschendorff-buchverlag.de\/basketlv?add=06291\">bestellen<\/a><\/p>\n<p>Grothues, Rudolf u. Rainer Uphues (2006): Der Einzelhandel in der Altstadt von Dorsten. Struktur &#8211; Analyse &#8211; Stadtmarketing. In: Heineberg, Heinz u. Arnd Jenne (Hg.): Angebots- und Akzeptanzanalysen des Einzelhandels in Grund- und Mittelzentren. Fallstudien Attendorn, Dorsten, Hilden, H\u00f6rstel und Nordhorn. M\u00fcnster (= Westf. Geogr. Studien 53), S. 57-82 &#8230; <a href=\"https:\/\/www.aschendorff-buchverlag.de\/basketlv?add=06289\">bestellen<\/a><\/p>\n<p>Grothues, Rudolf u. Alois Mayr (2006): La descripci\u00f3n de ciudades y municipios en la serie editorial &#8222;St\u00e4dte und Gemeinde in Westfalen &#8211; Konzeption und Gestaltung&#8220; (Ciudades y Municipios en Westfalia &#8211; Concepci\u00f3n y dise\u00f1o). Biblio 3W &#8211; REVISTA BIBLIOGR\u00c1FICA DE GEOGRAF\u00cdA Y CIENCIAS SOCIALES (Serie documental de Geo Cr\u00edtica), Universidad de Barcelona (http:\/\/www.ub.es\/geocrit\/b3w-642.htm) &#8230; <a href=\"http:\/\/www.ub.es\/geocrit\/b3w-642.htm\">link<\/a><\/p>\n<p><span style=\"color: #ffff99;\"><span style=\"color: #00ff00;\">Grothues, Rudolf u. Heinz Heineberg (2004): Perspektiven der Dorf- und Stadtentwicklung im l\u00e4ndlichen Raum des Kreises Steinfurt. Empirische Analyse der Lebensverh\u00e4ltnisse in ausgew\u00e4hlten Ortsteilen. Untersuchung im Auftrag des Kreises Steinfurt. Hg. v. Kreis Steinfurt. Steinfurt &#8230; <\/span><a style=\"color: #ffff99;\" href=\"http:\/\/www.geografik.de\/STUDIE_FARB.pdf\"><span style=\"color: #00ff00;\">PDF<\/span><\/a><\/span><\/p>\n<p><span style=\"color: #000000;\">Grothues, Rudolf (2002): Dorsten. In: Heineberg, Heinz, Alois Mayr, Wolfgang Seidel u. Klaus Temlitz (Hg.): Die Emscher-Lippe-Region (= St\u00e4dte und Gemeinden in Westfalen 8). M\u00fcnster, S. 103-124 &#8230; <a style=\"color: #000000;\" href=\"https:\/\/www.aschendorff-buchverlag.de\/basketlv?add=06271\">bestellen<\/a><\/span><\/p>\n<p><span style=\"color: #000000;\">Grothues, Rudolf (2000): Ascheberg. In: Heineberg, Heinz u. Klaus Temlitz (Hg.): Der Kreis Coesfeld (= St\u00e4dte und Gemeinden in Westfalen 7). M\u00fcnster, S. 65-78\u00a0<\/span><\/p>\n<p><span style=\"color: #00ff00;\">Grothues, Rudolf u. Klaus Temlitz (1998): Die Geographische Kommission f\u00fcr Westfalen und ihre neueste Ver\u00f6ffentlichung: Der Kreis Olpe. In: Sauerland. Zeitschrift des Sauerl\u00e4ndischen Heimatbundes, Nr. 3. Meschede, S. 112-114 &#8230; <a style=\"color: #00ff00;\" href=\"http:\/\/www.puettstadt.de\/rgbe\/publikationen\/sauerland1998.pdf\">PDF<\/a><\/span><\/p>\n<p><span style=\"color: #00ff00;\">Grothues, Rudolf (1994): St\u00e4dte und Gemeinden in Westfalen. In: Westfalenspiegel, Bd. 4. M\u00fcnster, S. 20 &#8230; <a style=\"color: #00ff00;\" href=\"http:\/\/www.puettstadt.de\/rgbe\/publikationen\/westfalenspiegel.pdf\">PDF<\/a><\/span><\/p>\n<p><span style=\"color: #00ff00;\">Grothues, Rudolf (1993): Die Ver\u00e4nderung der Wirtschaftsstruktur im Kreis Warendorf 1969-1990. In: Mayr, Alois u. Klaus Temlitz (Hg.): M\u00fcnsterland und angrenzende Gebiete (= Spieker 36). M\u00fcnster, S. 281-300 &#8230; <a style=\"color: #00ff00;\" href=\"http:\/\/www.puettstadt.de\/rgbe\/publikationen\/MS-Grothues5.pdf\">PDF<\/a><\/span><\/p>\n<p><span style=\"color: #00ff00;\">Grothues, Rudolf (1991): Ver\u00e4nderungen der Wirtschaftsstruktur im Kreis Warendorf &#8211; Disparit\u00e4ten als Folge der regionalen Neugliederung (Unver\u00f6ff. Dipl.-Arbeit im Fachbereich Geowissenschaften der Westf.-Wilhelms-Universit\u00e4t) &#8230; <a style=\"color: #00ff00;\" href=\"http:\/\/www.puettstadt.de\/rgbe\/publikationen\/diplomarbeit1991.pdf\">PDF<\/a><\/span><\/p>\n","protected":false},"excerpt":{"rendered":"<p>Blossey, Hans und Rudolf Grothues (2018): Beckum von oben. Mit Luftbildern aus Beckum, Neubeckum, Roland und Vellern. Beckum (vergriffen). Grothues, Rudolf (2018): Stiftungen in Westfalen. In: Atlas von Westfalen 2. M\u00fcnster. &#8230; link Grothues, Rudolf (2018): Spitzenk\u00f6che in Westfalen. In: Geographische Kommission f\u00fcr Westfalen (Hg.): Westfalen Regional. Die geographisch-landeskundliche Online-Dokumentation \u00fcber Westfalen. M\u00fcnster. (www.westfalen-regional.de) &#8230;\u00a0link [&hellip;]<\/p>\n","protected":false},"author":1,"featured_media":0,"parent":0,"menu_order":0,"comment_status":"closed","ping_status":"closed","template":"","meta":{"footnotes":""},"class_list":["post-290","page","type-page","status-publish","hentry"],"_links":{"self":[{"href":"http:\/\/rudolf-grothues.de\/index.php?rest_route=\/wp\/v2\/pages\/290","targetHints":{"allow":["GET"]}}],"collection":[{"href":"http:\/\/rudolf-grothues.de\/index.php?rest_route=\/wp\/v2\/pages"}],"about":[{"href":"http:\/\/rudolf-grothues.de\/index.php?rest_route=\/wp\/v2\/types\/page"}],"author":[{"embeddable":true,"href":"http:\/\/rudolf-grothues.de\/index.php?rest_route=\/wp\/v2\/users\/1"}],"replies":[{"embeddable":true,"href":"http:\/\/rudolf-grothues.de\/index.php?rest_route=%2Fwp%2Fv2%2Fcomments&post=290"}],"version-history":[{"count":12,"href":"http:\/\/rudolf-grothues.de\/index.php?rest_route=\/wp\/v2\/pages\/290\/revisions"}],"predecessor-version":[{"id":605,"href":"http:\/\/rudolf-grothues.de\/index.php?rest_route=\/wp\/v2\/pages\/290\/revisions\/605"}],"wp:attachment":[{"href":"http:\/\/rudolf-grothues.de\/index.php?rest_route=%2Fwp%2Fv2%2Fmedia&parent=290"}],"curies":[{"name":"wp","href":"https:\/\/api.w.org\/{rel}","templated":true}]}}