{"id":26,"date":"2018-06-08T11:09:01","date_gmt":"2018-06-08T11:09:01","guid":{"rendered":"http:\/\/rudi.puettstadt.de\/?page_id=26"},"modified":"2025-11-25T20:50:25","modified_gmt":"2025-11-25T20:50:25","slug":"lebenslauf","status":"publish","type":"page","link":"http:\/\/rudolf-grothues.de\/?page_id=26","title":{"rendered":"Lebenslauf"},"content":{"rendered":"\n<ul class=\"wp-block-list\">\n<li>Am 12.09.1963 in Beckum geboren. Eltern: Gertrud\u00a0Grothues, geb. Linnemannst\u00f6ns und Rudolf Grothues.\u00a0Zwei Geschwister.<\/li>\n<\/ul>\n\n\n\n<p><strong><span style=\"color: #ff0000;\">Ausbildung:<\/span><\/strong><\/p>\n\n\n\n<ul class=\"wp-block-list\">\n<li>1970: Besuch der Ketteler-Grundschule in Beckum<\/li>\n\n\n\n<li>1974: Wechsel auf das Albertus-Magnus-Gymnasium\u00a0Beckum<\/li>\n\n\n\n<li>1983: Schulentlassung mit dem Abitur<\/li>\n\n\n\n<li>07\/1983: Beginn des Zivildienstes im Kinderwohnheim\u00a0St. Klara des Caritasverbandes Beckum am Paterweg<\/li>\n\n\n\n<li>10\/1984: Beendigung des Zivildienstes und Immatrikulation an der Westf\u00e4lischen\u00a0Wilhelms-Universit\u00e4t in M\u00fcnster mit dem Studienziel Diplom-Geographie\u00a0(Nebenf\u00e4cher Politik und Soziologie) und dem Studienziel des Staatsexamens,\u00a0Sekundarstufe II, mit den F\u00e4chern Geographie und Sozialwissenschaften<\/li>\n\n\n\n<li>06\/1989: Beginn eines dreimonatigen Praktikums beim Stadtplanungsamt der Stadt\u00a0Beckum, darin u.a. eigenst\u00e4ndige Erstellung der Fl\u00e4chenerhebung 1989 f\u00fcr das\u00a0Landesamt f\u00fcr Datenverarbeitung und Statistik<\/li>\n\n\n\n<li>02\/1992: Diplom-Hauptpr\u00fcfung in Geographie<\/li>\n<\/ul>\n\n\n\n<p><strong><span style=\"color: #ff0000;\">Beruflicher Werdegang:<\/span><\/strong><\/p>\n\n\n\n<ul class=\"wp-block-list\">\n<li>04\/1992: Wissenschaftlicher Volont\u00e4r bei der Geographischen Kommission f\u00fcr\u00a0Westfalen des Landschaftsverbandes Westfalen-Lippe in M\u00fcnster<\/li>\n\n\n\n<li>07\/1993: Wissenschaftlicher Referent bei der Geographischen Kommission f\u00fcr\u00a0Westfalen im Landschaftsverband Westfalen-Lippe in M\u00fcnster, u.a. Wissenschaftliche\u00a0Bearbeitung und Redaktion der Reihe \u201eSt\u00e4dte und Gemeinden in Westfalen\u201c.<\/li>\n\n\n\n<li>08\/2006 Promotion zum Doktor phil. an der Westf\u00e4lischen Wilhelms-Universit\u00e4t\u00a0M\u00fcnster mit dem Dissertationsthema \u201eLebensverh\u00e4ltnisse und Lebensstile im urbanisierten\u00a0l\u00e4ndlichen Raum &#8211; Analyse anhand ausgew\u00e4hlter Ortsteile im m\u00fcnsterl\u00e4ndischen\u00a0Kreis Steinfurt\u201c<\/li>\n\n\n\n<li>seit 01\/2007 Gesch\u00e4ftsf\u00fchrer und Wissenschaftlicher Referent der Geographischen Kommission f\u00fcr Westfalen im Landschaftsverband Westfalen-Lippe<\/li>\n<\/ul>\n\n\n\n<p><strong><span style=\"color: #ff0000;\">politische Funktionen:<\/span><\/strong><\/p>\n\n\n\n<ul class=\"wp-block-list\">\n<li>Stellv. B\u00fcrgermeister der Stadt Beckum\u00a0seit 2009<\/li>\n\n\n\n<li>1993 Eintritt in die SPD<\/li>\n\n\n\n<li>1998-2014 SPD-Stadtverbandsvorsitzender<\/li>\n\n\n\n<li>seit 1999 Ratsmitglied der SPD<\/li>\n\n\n\n<li>seit 2003 Aufsichtsratsmitglied der Stadtmarketing Beckum GmbH bzw. Beirat<\/li>\n\n\n\n<li>2006-2025 SPD-Ortsvereinsvorsitzender Beckum<\/li>\n\n\n\n<li>2014-2020 Mitglied im Verwaltungsrat der Sparkasse, seit dem in der Vertreterversammlung<\/li>\n\n\n\n<li>2014-2020 Aufsichtsratsvorsitzender der Beckumer Wohnungsbaugesellschaft, seitdem im Mitglied im Aufsichtsrat<\/li>\n\n\n\n<li>Mitglied in der Fairtrade-Steuerungsgruppe Beckum<\/li>\n\n\n\n<li>Energieversorgung Beckum Gesellschafterversammlung<\/li>\n\n\n\n<li>Westf\u00e4lische Landeseisenbahn WLE &#8211; Gesellschafterversammlung, seit 2025<\/li>\n<\/ul>\n\n\n\n<p><span style=\"color: #ff0000;\"><strong>weitere Ehren\u00e4mter\/Vereinszugeh\u00f6rigkeiten:\u00a0<\/strong><\/span><\/p>\n\n\n\n<ul class=\"wp-block-list\">\n<li>Regionalbotschafter der NRW-Stiftung f\u00fcr den Kreis Warendorf<\/li>\n\n\n\n<li>Karnevalsverein \u201eDie Heimatlosen\u201c<\/li>\n\n\n\n<li>Beckumer Bauknechte<\/li>\n\n\n\n<li>Deutsch-Namibische Gesellschaft<\/li>\n\n\n\n<li>F\u00f6rdervereine Beckumer Krankenhaus und St\u00e4dtepartnerschaften<\/li>\n\n\n\n<li>Museumsverein Beckum<\/li>\n<\/ul>\n","protected":false},"excerpt":{"rendered":"<p>Ausbildung: Beruflicher Werdegang: politische Funktionen: weitere Ehren\u00e4mter\/Vereinszugeh\u00f6rigkeiten:\u00a0<\/p>\n","protected":false},"author":1,"featured_media":246,"parent":0,"menu_order":0,"comment_status":"closed","ping_status":"closed","template":"","meta":{"footnotes":""},"class_list":["post-26","page","type-page","status-publish","has-post-thumbnail","hentry"],"_links":{"self":[{"href":"http:\/\/rudolf-grothues.de\/index.php?rest_route=\/wp\/v2\/pages\/26","targetHints":{"allow":["GET"]}}],"collection":[{"href":"http:\/\/rudolf-grothues.de\/index.php?rest_route=\/wp\/v2\/pages"}],"about":[{"href":"http:\/\/rudolf-grothues.de\/index.php?rest_route=\/wp\/v2\/types\/page"}],"author":[{"embeddable":true,"href":"http:\/\/rudolf-grothues.de\/index.php?rest_route=\/wp\/v2\/users\/1"}],"replies":[{"embeddable":true,"href":"http:\/\/rudolf-grothues.de\/index.php?rest_route=%2Fwp%2Fv2%2Fcomments&post=26"}],"version-history":[{"count":13,"href":"http:\/\/rudolf-grothues.de\/index.php?rest_route=\/wp\/v2\/pages\/26\/revisions"}],"predecessor-version":[{"id":1552,"href":"http:\/\/rudolf-grothues.de\/index.php?rest_route=\/wp\/v2\/pages\/26\/revisions\/1552"}],"wp:featuredmedia":[{"embeddable":true,"href":"http:\/\/rudolf-grothues.de\/index.php?rest_route=\/wp\/v2\/media\/246"}],"wp:attachment":[{"href":"http:\/\/rudolf-grothues.de\/index.php?rest_route=%2Fwp%2Fv2%2Fmedia&parent=26"}],"curies":[{"name":"wp","href":"https:\/\/api.w.org\/{rel}","templated":true}]}}